{"id":484,"date":"2024-03-22T21:42:34","date_gmt":"2024-03-22T21:42:34","guid":{"rendered":"https:\/\/iptvnew.coworkcodesign.com\/?page_id=484"},"modified":"2025-09-26T11:39:41","modified_gmt":"2025-09-26T11:39:41","slug":"anvandarvillkor","status":"publish","type":"page","link":"https:\/\/iptvnew.coworkcodesign.com\/nordiciptv\/anvandarvillkor\/","title":{"rendered":"Anv\u00e4ndarvillkor"},"content":{"rendered":"<div data-elementor-type=\"wp-page\" data-elementor-id=\"484\" class=\"elementor elementor-484\" data-elementor-post-type=\"page\">\n\t\t\t\t<div data-particle_enable=\"false\" data-particle-mobile-disabled=\"false\" class=\"elementor-element elementor-element-5b8b484b e-flex e-con-boxed e-con e-parent\" data-id=\"5b8b484b\" data-element_type=\"container\" data-settings=\"{&quot;background_background&quot;:&quot;classic&quot;}\" data-core-v316-plus=\"true\">\n\t\t\t\t\t<div class=\"e-con-inner\">\n\t\t\t\t<div class=\"elementor-element elementor-element-590ae31d elementor-widget elementor-widget-text-editor\" data-id=\"590ae31d\" data-element_type=\"widget\" data-widget_type=\"text-editor.default\">\n\t\t\t\t<div class=\"elementor-widget-container\">\n\t\t\t<style>\/*! elementor - v3.20.0 - 06-03-2024 *\/\n.elementor-widget-text-editor.elementor-drop-cap-view-stacked .elementor-drop-cap{background-color:#69727d;color:#fff}.elementor-widget-text-editor.elementor-drop-cap-view-framed .elementor-drop-cap{color:#69727d;border:3px solid;background-color:transparent}.elementor-widget-text-editor:not(.elementor-drop-cap-view-default) .elementor-drop-cap{margin-top:8px}.elementor-widget-text-editor:not(.elementor-drop-cap-view-default) .elementor-drop-cap-letter{width:1em;height:1em}.elementor-widget-text-editor .elementor-drop-cap{float:left;text-align:center;line-height:1;font-size:50px}.elementor-widget-text-editor .elementor-drop-cap-letter{display:inline-block}<\/style>\t\t\t\t<!-- wp:paragraph -->\n<p>Dessa anv\u00e4ndarvillkor (\"Villkor\") reglerar din anv\u00e4ndning av OneClickTV:s webbplats (\"Webbplatsen\") och de tj\u00e4nster som erbjuds av OneClickTV (\"Tj\u00e4nster\"). Genom att g\u00e5 in p\u00e5 eller anv\u00e4nda webbplatsen eller tj\u00e4nsterna samtycker du till att vara bunden av dessa villkor och alla till\u00e4mpliga lagar och f\u00f6rordningar. Om du inte h\u00e5ller med om n\u00e5gon del av dessa Villkor, v\u00e4nligen anv\u00e4nd inte v\u00e5r Webbplats eller Tj\u00e4nster.<\/p>\n<!-- \/wp:paragraph -->\n\n<!-- wp:paragraph -->\n<p>**1.&nbsp;<strong>Beskrivning av tj\u00e4nsten<\/strong>: OneClickTV tillhandah\u00e5ller en IPTV-tj\u00e4nst (Internet Protocol Television) som ger anv\u00e4ndarna tillg\u00e5ng till en m\u00e4ngd olika kanaler, on-demand-inneh\u00e5ll och relaterade funktioner via kompatibla enheter.<\/p>\n<!-- \/wp:paragraph -->\n\n<!-- wp:paragraph -->\n<p>**2.&nbsp;<strong>Anv\u00e4ndarnas uppf\u00f6rande<\/strong>a. Du samtycker till att endast anv\u00e4nda tj\u00e4nsterna f\u00f6r lagliga \u00e4ndam\u00e5l och p\u00e5 ett s\u00e4tt som \u00f6verensst\u00e4mmer med dessa villkor och till\u00e4mpliga lagar och f\u00f6rordningar. b. Du f\u00e5r inte anv\u00e4nda tj\u00e4nsterna f\u00f6r att g\u00f6ra intr\u00e5ng i andras r\u00e4ttigheter, inklusive men inte begr\u00e4nsat till intr\u00e5ng i upphovsr\u00e4tt.<\/p>\n<!-- \/wp:paragraph -->\n\n<!-- wp:paragraph -->\n<p>**3.&nbsp;<strong>Prenumeration och betalningar<\/strong>a. Genom att prenumerera p\u00e5 OneClickTV godk\u00e4nner du villkoren f\u00f6r den valda prenumerationsplanen, inklusive pris- och faktureringsvillkor. b. Betalningshantering hanteras av tredje parts betalningsbehandlare, och du godk\u00e4nner deras villkor. c. Prenumerationsavgifter \u00e5terbetalas inte, f\u00f6rutom vad som uttryckligen anges i v\u00e5r \u00c5terbetalningspolicy.<\/p>\n<!-- \/wp:paragraph -->\n\n<!-- wp:paragraph -->\n<p>**4.&nbsp;<strong>Integritetspolicy<\/strong>: Din anv\u00e4ndning av v\u00e5ra tj\u00e4nster omfattas ocks\u00e5 av v\u00e5r integritetspolicy. L\u00e4s v\u00e5r sekretesspolicy p\u00e5 [l\u00e4nk till sekretesspolicy] f\u00f6r att f\u00f6rst\u00e5 v\u00e5r praxis.<\/p>\n<!-- \/wp:paragraph -->\n\n<!-- wp:paragraph -->\n<p>**5.&nbsp;<strong>Immateriella r\u00e4ttigheter<\/strong>a. Allt inneh\u00e5ll och material som finns tillg\u00e4ngligt p\u00e5 webbplatsen och genom tj\u00e4nsterna skyddas av till\u00e4mplig upphovsr\u00e4tt, varum\u00e4rken och andra immateriella r\u00e4ttigheter. b. Du f\u00e5r inte reproducera, distribuera, modifiera eller skapa derivat av n\u00e5got inneh\u00e5ll utan uttryckligt skriftligt medgivande fr\u00e5n OneClickTV.<\/p>\n<!-- \/wp:paragraph -->\n\n<!-- wp:paragraph -->\n<p>**6.&nbsp;<strong>Begr\u00e4nsning av ansvar<\/strong>: OneClickTV skall inte h\u00e5llas ansvarigt f\u00f6r n\u00e5gra indirekta, tillf\u00e4lliga, speciella, f\u00f6ljdskador eller straffskador, eller n\u00e5gon f\u00f6rlust av vinster eller int\u00e4kter, oavsett om de uppkommit direkt eller indirekt.<\/p>\n<!-- \/wp:paragraph -->\n\n<!-- wp:paragraph -->\n<p>**7.&nbsp;<strong>Till\u00e4mplig lag<\/strong>: Dessa Villkor ska regleras av och tolkas i enlighet med lagarna i [Ditt land\/din stat], utan h\u00e4nsyn till dess principer om lagkonflikt.<\/p>\n<!-- \/wp:paragraph -->\n\n<!-- wp:paragraph -->\n<p>**8.&nbsp;<strong>\u00c4ndringar av villkor<\/strong>: OneClickTV f\u00f6rbeh\u00e5ller sig r\u00e4tten att n\u00e4r som helst \u00e4ndra eller ers\u00e4tta dessa Villkor. Det \u00e4r ditt ansvar att regelbundet granska dessa villkor f\u00f6r \u00e4ndringar.<\/p>\n<!-- \/wp:paragraph -->\n\n<!-- wp:paragraph -->\n<p>Genom att anv\u00e4nda v\u00e5r webbplats eller v\u00e5ra tj\u00e4nster bekr\u00e4ftar du att du har l\u00e4st, f\u00f6rst\u00e5tt och samtyckt till dessa anv\u00e4ndarvillkor. Om du har n\u00e5gra fr\u00e5gor eller funderingar, v\u00e4nligen kontakta oss p\u00e5 support@oneclicktv.net.<\/p>\n<!-- \/wp:paragraph -->\t\t\t\t\t\t<\/div>\n\t\t\t\t<\/div>\n\t\t\t\t\t<\/div>\n\t\t\t\t<\/div>\n\t\t\t\t<\/div>","protected":false},"excerpt":{"rendered":"<p>Dessa anv\u00e4ndarvillkor (\"Villkor\") reglerar din anv\u00e4ndning av OneClickTV:s webbplats (\"Webbplats\") och de tj\u00e4nster som erbjuds av OneClickTV (\"Tj\u00e4nster\"). Genom att g\u00e5 in p\u00e5 eller anv\u00e4nda webbplatsen eller tj\u00e4nsterna samtycker du till att vara bunden av dessa villkor och alla till\u00e4mpliga lagar och f\u00f6rordningar. Om du inte h\u00e5ller med om n\u00e5gon del av dessa villkor ska du inte anv\u00e4nda [...]<\/p>","protected":false},"author":3,"featured_media":0,"parent":0,"menu_order":0,"comment_status":"closed","ping_status":"closed","template":"","meta":{"footnotes":""},"class_list":["post-484","page","type-page","status-publish","hentry"],"rttpg_featured_image_url":null,"rttpg_author":{"display_name":"oualidhamidi","author_link":"https:\/\/iptvnew.coworkcodesign.com\/nordiciptv\/author\/oualidhamidi\/"},"rttpg_comment":0,"rttpg_category":null,"rttpg_excerpt":"These Terms of Service (\u201cTerms\u201d) govern your use of the OneClickTV website (\u201cWebsite\u201d) and the services offered by OneClickTV (\u201cServices\u201d). By accessing or using the Website or Services, you agree to be bound by these Terms and all applicable laws and regulations. If you disagree with any part of these Terms, please do not use&hellip;","_links":{"self":[{"href":"https:\/\/iptvnew.coworkcodesign.com\/nordiciptv\/wp-json\/wp\/v2\/pages\/484","targetHints":{"allow":["GET"]}}],"collection":[{"href":"https:\/\/iptvnew.coworkcodesign.com\/nordiciptv\/wp-json\/wp\/v2\/pages"}],"about":[{"href":"https:\/\/iptvnew.coworkcodesign.com\/nordiciptv\/wp-json\/wp\/v2\/types\/page"}],"author":[{"embeddable":true,"href":"https:\/\/iptvnew.coworkcodesign.com\/nordiciptv\/wp-json\/wp\/v2\/users\/3"}],"replies":[{"embeddable":true,"href":"https:\/\/iptvnew.coworkcodesign.com\/nordiciptv\/wp-json\/wp\/v2\/comments?post=484"}],"version-history":[{"count":1,"href":"https:\/\/iptvnew.coworkcodesign.com\/nordiciptv\/wp-json\/wp\/v2\/pages\/484\/revisions"}],"predecessor-version":[{"id":4412,"href":"https:\/\/iptvnew.coworkcodesign.com\/nordiciptv\/wp-json\/wp\/v2\/pages\/484\/revisions\/4412"}],"wp:attachment":[{"href":"https:\/\/iptvnew.coworkcodesign.com\/nordiciptv\/wp-json\/wp\/v2\/media?parent=484"}],"curies":[{"name":"wp","href":"https:\/\/api.w.org\/{rel}","templated":true}]}}