{"id":486,"date":"2024-03-22T21:43:30","date_gmt":"2024-03-22T21:43:30","guid":{"rendered":"https:\/\/iptvnew.coworkcodesign.com\/?page_id=486"},"modified":"2025-11-03T10:52:19","modified_gmt":"2025-11-03T10:52:19","slug":"politica-de-privacidade","status":"publish","type":"page","link":"https:\/\/iptvnew.coworkcodesign.com\/iptvportugal\/politica-de-privacidade\/","title":{"rendered":"Pol\u00edtica de privacidade"},"content":{"rendered":"<div data-elementor-type=\"wp-page\" data-elementor-id=\"486\" class=\"elementor elementor-486\" data-elementor-post-type=\"page\">\n\t\t\t\t<div data-particle_enable=\"false\" data-particle-mobile-disabled=\"false\" class=\"elementor-element elementor-element-3fa08161 e-flex e-con-boxed e-con e-parent\" data-id=\"3fa08161\" data-element_type=\"container\" data-settings=\"{&quot;background_background&quot;:&quot;classic&quot;}\" data-core-v316-plus=\"true\">\n\t\t\t\t\t<div class=\"e-con-inner\">\n\t\t\t\t<div class=\"elementor-element elementor-element-4f3fddda elementor-widget elementor-widget-text-editor\" data-id=\"4f3fddda\" data-element_type=\"widget\" data-widget_type=\"text-editor.default\">\n\t\t\t\t<div class=\"elementor-widget-container\">\n\t\t\t<style>\/*! elementor - v3.20.0 - 06-03-2024 *\/\n.elementor-widget-text-editor.elementor-drop-cap-view-stacked .elementor-drop-cap{background-color:#69727d;color:#fff}.elementor-widget-text-editor.elementor-drop-cap-view-framed .elementor-drop-cap{color:#69727d;border:3px solid;background-color:transparent}.elementor-widget-text-editor:not(.elementor-drop-cap-view-default) .elementor-drop-cap{margin-top:8px}.elementor-widget-text-editor:not(.elementor-drop-cap-view-default) .elementor-drop-cap-letter{width:1em;height:1em}.elementor-widget-text-editor .elementor-drop-cap{float:left;text-align:center;line-height:1;font-size:50px}.elementor-widget-text-editor .elementor-drop-cap-letter{display:inline-block}<\/style>\t\t\t\t<!-- wp:paragraph -->\n<p>Data efectiva: 15\/07\/2023<\/p>\n<!-- \/wp:paragraph -->\n\n<!-- wp:paragraph -->\n<p>A OneClickTV (\"n\u00f3s\", \"nos\" ou \"nosso\") valoriza e respeita a sua privacidade. Esta Pol\u00edtica de Privacidade descreve como recolhemos, utilizamos, divulgamos e protegemos as suas informa\u00e7\u00f5es pessoais quando acede ou utiliza o nosso Web site localizado em oneclicktv.net (\"Web site\") e os servi\u00e7os que oferecemos (\"Servi\u00e7os\").<\/p>\n<!-- \/wp:paragraph -->\n\n<!-- wp:paragraph -->\n<p>**1.&nbsp;<strong>Informa\u00e7\u00f5es que recolhemos<\/strong>: a.&nbsp;<strong>Informa\u00e7\u00f5es pessoais<\/strong>: Podemos recolher informa\u00e7\u00f5es de identifica\u00e7\u00e3o pessoal, tais como o seu nome, endere\u00e7o de correio eletr\u00f3nico, detalhes de pagamento e outras informa\u00e7\u00f5es necess\u00e1rias para a presta\u00e7\u00e3o dos nossos Servi\u00e7os. b.&nbsp;<strong>Informa\u00e7\u00f5es n\u00e3o pessoais<\/strong>: Podemos recolher informa\u00e7\u00f5es n\u00e3o pessoais, como o tipo de browser, informa\u00e7\u00f5es sobre o dispositivo e dados de utiliza\u00e7\u00e3o agregados.<\/p>\n<!-- \/wp:paragraph -->\n\n<!-- wp:paragraph -->\n<p>**2.&nbsp;<strong>Como utilizamos as suas informa\u00e7\u00f5es<\/strong>a. Para fornecer e manter os nossos Servi\u00e7os. b. Para comunicar consigo e responder \u00e0s suas quest\u00f5es. c. Para personalizar e melhorar a sua experi\u00eancia no nosso Website. d. Para lhe enviar boletins informativos, comunica\u00e7\u00f5es de marketing e material promocional.<\/p>\n<!-- \/wp:paragraph -->\n\n<!-- wp:paragraph -->\n<p>**3.&nbsp;<strong>Cookies e tecnologias semelhantes<\/strong>: Podemos utilizar cookies e tecnologias de rastreio semelhantes para melhorar a sua experi\u00eancia no nosso s\u00edtio Web. O utilizador pode optar por aceitar ou recusar os cookies atrav\u00e9s das defini\u00e7\u00f5es do seu browser.<\/p>\n<!-- \/wp:paragraph -->\n\n<!-- wp:paragraph -->\n<p>**4.&nbsp;<strong>Partilha e divulga\u00e7\u00e3o de informa\u00e7\u00f5es<\/strong>: N\u00e3o vendemos, trocamos ou transferimos de outra forma as suas informa\u00e7\u00f5es pessoais a terceiros. No entanto, podemos partilhar as suas informa\u00e7\u00f5es com fornecedores de servi\u00e7os terceiros de confian\u00e7a para nos ajudarem a operar e a melhorar os nossos Servi\u00e7os.<\/p>\n<!-- \/wp:paragraph -->\n\n<!-- wp:paragraph -->\n<p>**5.&nbsp;<strong>Seguran\u00e7a<\/strong>: Tomamos medidas razo\u00e1veis para proteger as suas informa\u00e7\u00f5es pessoais. No entanto, nenhum m\u00e9todo de transmiss\u00e3o atrav\u00e9s da Internet ou de armazenamento eletr\u00f3nico \u00e9 totalmente seguro e n\u00e3o podemos garantir uma seguran\u00e7a absoluta.<\/p>\n<!-- \/wp:paragraph -->\n\n<!-- wp:paragraph -->\n<p>**6.&nbsp;<strong>Liga\u00e7\u00f5es para s\u00edtios Web externos<\/strong>: O nosso s\u00edtio Web pode conter liga\u00e7\u00f5es a s\u00edtios externos. N\u00e3o somos respons\u00e1veis pelo conte\u00fado ou pelas pr\u00e1ticas de privacidade desses s\u00edtios. Aconselhamos o utilizador a rever as pol\u00edticas de privacidade de todos os s\u00edtios externos que visitar.<\/p>\n<!-- \/wp:paragraph -->\n\n<!-- wp:paragraph -->\n<p>**7.&nbsp;<strong>Privacidade das crian\u00e7as<\/strong>: Os nossos Servi\u00e7os n\u00e3o se destinam a pessoas com idade inferior a 18 anos. N\u00e3o recolhemos intencionalmente informa\u00e7\u00f5es pessoais de crian\u00e7as. Se acredita que uma crian\u00e7a nos forneceu informa\u00e7\u00f5es pessoais, contacte-nos e tomaremos as medidas necess\u00e1rias para eliminar essas informa\u00e7\u00f5es.<\/p>\n<!-- \/wp:paragraph -->\n\n<!-- wp:paragraph -->\n<p>**8.&nbsp;<strong>Altera\u00e7\u00f5es a esta Pol\u00edtica de Privacidade<\/strong>: Reservamo-nos o direito de atualizar ou alterar esta Pol\u00edtica de Privacidade em qualquer altura. A sua utiliza\u00e7\u00e3o continuada do Website e dos Servi\u00e7os ap\u00f3s a publica\u00e7\u00e3o de quaisquer modifica\u00e7\u00f5es indica o seu reconhecimento das altera\u00e7\u00f5es.<\/p>\n<!-- \/wp:paragraph -->\n\n<!-- wp:paragraph -->\n<p>Ao utilizar o nosso Web site e os nossos servi\u00e7os, o utilizador concorda com esta Pol\u00edtica de Privacidade. Se tiver alguma d\u00favida ou preocupa\u00e7\u00e3o, contacte-nos atrav\u00e9s do endere\u00e7o Support@oneclicktv.net.<\/p>\n<!-- \/wp:paragraph -->\t\t\t\t\t\t<\/div>\n\t\t\t\t<\/div>\n\t\t\t\t\t<\/div>\n\t\t\t\t<\/div>\n\t\t\t\t<\/div>","protected":false},"excerpt":{"rendered":"<p>Data efectiva: 15\/07\/2023 A OneClickTV (\"n\u00f3s\", \"n\u00f3s\" ou \"nosso\") valoriza e respeita a sua privacidade. Esta Pol\u00edtica de Privacidade descreve como recolhemos, utilizamos, divulgamos e protegemos as suas informa\u00e7\u00f5es pessoais quando acede ou utiliza o nosso website localizado em oneclicktv.net (\"Website\") e os servi\u00e7os que oferecemos (\"Servi\u00e7os\"). **1. Informa\u00e7\u00f5es que recolhemos: a. Informa\u00e7\u00f5es pessoais: Podemos recolher informa\u00e7\u00f5es de identifica\u00e7\u00e3o pessoal, [...]<\/p>","protected":false},"author":3,"featured_media":0,"parent":0,"menu_order":0,"comment_status":"closed","ping_status":"closed","template":"","meta":{"footnotes":""},"class_list":["post-486","page","type-page","status-publish","hentry"],"rttpg_featured_image_url":null,"rttpg_author":{"display_name":"oualidhamidi","author_link":"https:\/\/iptvnew.coworkcodesign.com\/iptvportugal\/author\/oualidhamidi\/"},"rttpg_comment":0,"rttpg_category":null,"rttpg_excerpt":"Effective Date: 15\/07\/2023 OneClickTV (\u201cus,\u201d \u201cwe,\u201d or \u201cour\u201d) values and respects your privacy. This Privacy Policy outlines how we collect, use, disclose, and safeguard your personal information when you access or use our website located at oneclicktv.net (\u201cWebsite\u201d) and the services we offer (\u201cServices\u201d). **1.&nbsp;Information We Collect: a.&nbsp;Personal Information: We may collect personally identifiable information,&hellip;","_links":{"self":[{"href":"https:\/\/iptvnew.coworkcodesign.com\/iptvportugal\/wp-json\/wp\/v2\/pages\/486","targetHints":{"allow":["GET"]}}],"collection":[{"href":"https:\/\/iptvnew.coworkcodesign.com\/iptvportugal\/wp-json\/wp\/v2\/pages"}],"about":[{"href":"https:\/\/iptvnew.coworkcodesign.com\/iptvportugal\/wp-json\/wp\/v2\/types\/page"}],"author":[{"embeddable":true,"href":"https:\/\/iptvnew.coworkcodesign.com\/iptvportugal\/wp-json\/wp\/v2\/users\/3"}],"replies":[{"embeddable":true,"href":"https:\/\/iptvnew.coworkcodesign.com\/iptvportugal\/wp-json\/wp\/v2\/comments?post=486"}],"version-history":[{"count":1,"href":"https:\/\/iptvnew.coworkcodesign.com\/iptvportugal\/wp-json\/wp\/v2\/pages\/486\/revisions"}],"predecessor-version":[{"id":4413,"href":"https:\/\/iptvnew.coworkcodesign.com\/iptvportugal\/wp-json\/wp\/v2\/pages\/486\/revisions\/4413"}],"wp:attachment":[{"href":"https:\/\/iptvnew.coworkcodesign.com\/iptvportugal\/wp-json\/wp\/v2\/media?parent=486"}],"curies":[{"name":"wp","href":"https:\/\/api.w.org\/{rel}","templated":true}]}}