{"id":484,"date":"2024-03-22T21:42:34","date_gmt":"2024-03-22T21:42:34","guid":{"rendered":"https:\/\/iptvnew.coworkcodesign.com\/?page_id=484"},"modified":"2025-09-26T11:39:41","modified_gmt":"2025-09-26T11:39:41","slug":"termos-de-servico","status":"publish","type":"page","link":"https:\/\/iptvnew.coworkcodesign.com\/iptvportugal\/termos-de-servico\/","title":{"rendered":"Termos do servi\u00e7o"},"content":{"rendered":"<div data-elementor-type=\"wp-page\" data-elementor-id=\"484\" class=\"elementor elementor-484\" data-elementor-post-type=\"page\">\n\t\t\t\t<div data-particle_enable=\"false\" data-particle-mobile-disabled=\"false\" class=\"elementor-element elementor-element-5b8b484b e-flex e-con-boxed e-con e-parent\" data-id=\"5b8b484b\" data-element_type=\"container\" data-settings=\"{&quot;background_background&quot;:&quot;classic&quot;}\" data-core-v316-plus=\"true\">\n\t\t\t\t\t<div class=\"e-con-inner\">\n\t\t\t\t<div class=\"elementor-element elementor-element-590ae31d elementor-widget elementor-widget-text-editor\" data-id=\"590ae31d\" data-element_type=\"widget\" data-widget_type=\"text-editor.default\">\n\t\t\t\t<div class=\"elementor-widget-container\">\n\t\t\t<style>\/*! elementor - v3.20.0 - 06-03-2024 *\/\n.elementor-widget-text-editor.elementor-drop-cap-view-stacked .elementor-drop-cap{background-color:#69727d;color:#fff}.elementor-widget-text-editor.elementor-drop-cap-view-framed .elementor-drop-cap{color:#69727d;border:3px solid;background-color:transparent}.elementor-widget-text-editor:not(.elementor-drop-cap-view-default) .elementor-drop-cap{margin-top:8px}.elementor-widget-text-editor:not(.elementor-drop-cap-view-default) .elementor-drop-cap-letter{width:1em;height:1em}.elementor-widget-text-editor .elementor-drop-cap{float:left;text-align:center;line-height:1;font-size:50px}.elementor-widget-text-editor .elementor-drop-cap-letter{display:inline-block}<\/style>\t\t\t\t<!-- wp:paragraph -->\n<p>Estes Termos de Servi\u00e7o (\"Termos\") regem o uso do site da OneClickTV (\"Site\") e os servi\u00e7os oferecidos pela OneClickTV (\"Servi\u00e7os\"). Ao aceder ou utilizar o Website ou os Servi\u00e7os, o utilizador concorda em ficar vinculado a estes Termos e a todas as leis e regulamentos aplic\u00e1veis. Se o utilizador n\u00e3o concordar com qualquer parte destes Termos, n\u00e3o utilize o nosso Website ou Servi\u00e7os.<\/p>\n<!-- \/wp:paragraph -->\n\n<!-- wp:paragraph -->\n<p>**1.&nbsp;<strong>Descri\u00e7\u00e3o do servi\u00e7o<\/strong>: A OneClickTV fornece um servi\u00e7o de televis\u00e3o por protocolo Internet (IPTV) que permite aos utilizadores aceder a uma variedade de canais, conte\u00fados a pedido e funcionalidades relacionadas atrav\u00e9s de dispositivos compat\u00edveis.<\/p>\n<!-- \/wp:paragraph -->\n\n<!-- wp:paragraph -->\n<p>**2.&nbsp;<strong>Conduta do utilizador<\/strong>a. O utilizador concorda em utilizar os Servi\u00e7os apenas para fins legais e de forma consistente com estes Termos e com as leis e regulamentos aplic\u00e1veis. b. O utilizador n\u00e3o pode utilizar os Servi\u00e7os para infringir os direitos de terceiros, incluindo, entre outros, a viola\u00e7\u00e3o de direitos de autor.<\/p>\n<!-- \/wp:paragraph -->\n\n<!-- wp:paragraph -->\n<p>**3.&nbsp;<strong>Assinatura e pagamentos<\/strong>a. Ao subscrever a OneClickTV, o utilizador concorda com os termos do plano de subscri\u00e7\u00e3o escolhido, incluindo os pre\u00e7os e os termos de fatura\u00e7\u00e3o. b. O processamento do pagamento \u00e9 efectuado por processadores de pagamento de terceiros e o utilizador concorda com os respectivos termos e condi\u00e7\u00f5es. c. As taxas de subscri\u00e7\u00e3o n\u00e3o s\u00e3o reembols\u00e1veis, exceto conforme expressamente previsto na nossa Pol\u00edtica de Reembolso.<\/p>\n<!-- \/wp:paragraph -->\n\n<!-- wp:paragraph -->\n<p>**4.&nbsp;<strong>Pol\u00edtica de privacidade<\/strong>: A sua utiliza\u00e7\u00e3o dos nossos Servi\u00e7os tamb\u00e9m est\u00e1 sujeita \u00e0 nossa Pol\u00edtica de Privacidade. Consulte a nossa Pol\u00edtica de Privacidade em [link da pol\u00edtica de privacidade] para compreender as nossas pr\u00e1ticas.<\/p>\n<!-- \/wp:paragraph -->\n\n<!-- wp:paragraph -->\n<p>**5.&nbsp;<strong>Direitos de propriedade intelectual<\/strong>a. Todo o conte\u00fado e materiais dispon\u00edveis no site e atrav\u00e9s dos servi\u00e7os s\u00e3o protegidos por direitos autorais aplic\u00e1veis, marcas registradas e outras leis de propriedade intelectual. b. Voc\u00ea n\u00e3o pode reproduzir, distribuir, modificar ou criar trabalhos derivados de qualquer conte\u00fado sem o consentimento expl\u00edcito por escrito da OneClickTV.<\/p>\n<!-- \/wp:paragraph -->\n\n<!-- wp:paragraph -->\n<p>**6.&nbsp;<strong>Limita\u00e7\u00e3o da responsabilidade<\/strong>: A OneClickTV n\u00e3o ser\u00e1 respons\u00e1vel por quaisquer danos indirectos, acidentais, especiais, consequenciais ou punitivos, ou qualquer perda de lucros ou receitas, quer incorridos direta ou indiretamente.<\/p>\n<!-- \/wp:paragraph -->\n\n<!-- wp:paragraph -->\n<p>**7.&nbsp;<strong>Direito aplic\u00e1vel<\/strong>: Estes Termos ser\u00e3o regidos e interpretados de acordo com as leis de [Seu Pa\u00eds\/Estado], sem levar em conta o conflito de princ\u00edpios legais.<\/p>\n<!-- \/wp:paragraph -->\n\n<!-- wp:paragraph -->\n<p>**8.&nbsp;<strong>Altera\u00e7\u00f5es \u00e0s condi\u00e7\u00f5es<\/strong>: A OneClickTV reserva-se o direito de modificar ou substituir estes Termos a qualquer momento. \u00c9 da responsabilidade do utilizador rever periodicamente estes Termos para verificar se existem altera\u00e7\u00f5es.<\/p>\n<!-- \/wp:paragraph -->\n\n<!-- wp:paragraph -->\n<p>Ao utilizar o nosso Website ou Servi\u00e7os, o utilizador reconhece que leu, compreendeu e concordou com estes Termos de Servi\u00e7o. Se tiver quaisquer quest\u00f5es ou d\u00favidas, contacte-nos atrav\u00e9s do endere\u00e7o support@oneclicktv.net.<\/p>\n<!-- \/wp:paragraph -->\t\t\t\t\t\t<\/div>\n\t\t\t\t<\/div>\n\t\t\t\t\t<\/div>\n\t\t\t\t<\/div>\n\t\t\t\t<\/div>","protected":false},"excerpt":{"rendered":"<p>Estes Termos de Servi\u00e7o (\"Termos\") regem o uso do site da OneClickTV (\"Site\") e os servi\u00e7os oferecidos pela OneClickTV (\"Servi\u00e7os\"). Ao aceder ou utilizar o Website ou os Servi\u00e7os, o utilizador concorda em ficar vinculado a estes Termos e a todas as leis e regulamentos aplic\u00e1veis. Se n\u00e3o concordar com qualquer parte destes Termos, por favor, n\u00e3o use [...]<\/p>","protected":false},"author":3,"featured_media":0,"parent":0,"menu_order":0,"comment_status":"closed","ping_status":"closed","template":"","meta":{"footnotes":""},"class_list":["post-484","page","type-page","status-publish","hentry"],"rttpg_featured_image_url":null,"rttpg_author":{"display_name":"oualidhamidi","author_link":"https:\/\/iptvnew.coworkcodesign.com\/iptvportugal\/author\/oualidhamidi\/"},"rttpg_comment":0,"rttpg_category":null,"rttpg_excerpt":"These Terms of Service (\u201cTerms\u201d) govern your use of the OneClickTV website (\u201cWebsite\u201d) and the services offered by OneClickTV (\u201cServices\u201d). By accessing or using the Website or Services, you agree to be bound by these Terms and all applicable laws and regulations. If you disagree with any part of these Terms, please do not use&hellip;","_links":{"self":[{"href":"https:\/\/iptvnew.coworkcodesign.com\/iptvportugal\/wp-json\/wp\/v2\/pages\/484","targetHints":{"allow":["GET"]}}],"collection":[{"href":"https:\/\/iptvnew.coworkcodesign.com\/iptvportugal\/wp-json\/wp\/v2\/pages"}],"about":[{"href":"https:\/\/iptvnew.coworkcodesign.com\/iptvportugal\/wp-json\/wp\/v2\/types\/page"}],"author":[{"embeddable":true,"href":"https:\/\/iptvnew.coworkcodesign.com\/iptvportugal\/wp-json\/wp\/v2\/users\/3"}],"replies":[{"embeddable":true,"href":"https:\/\/iptvnew.coworkcodesign.com\/iptvportugal\/wp-json\/wp\/v2\/comments?post=484"}],"version-history":[{"count":1,"href":"https:\/\/iptvnew.coworkcodesign.com\/iptvportugal\/wp-json\/wp\/v2\/pages\/484\/revisions"}],"predecessor-version":[{"id":4412,"href":"https:\/\/iptvnew.coworkcodesign.com\/iptvportugal\/wp-json\/wp\/v2\/pages\/484\/revisions\/4412"}],"wp:attachment":[{"href":"https:\/\/iptvnew.coworkcodesign.com\/iptvportugal\/wp-json\/wp\/v2\/media?parent=484"}],"curies":[{"name":"wp","href":"https:\/\/api.w.org\/{rel}","templated":true}]}}