{"id":484,"date":"2024-03-22T21:42:34","date_gmt":"2024-03-22T21:42:34","guid":{"rendered":"https:\/\/iptvnew.coworkcodesign.com\/?page_id=484"},"modified":"2025-09-26T11:39:41","modified_gmt":"2025-09-26T11:39:41","slug":"servicevilkar","status":"publish","type":"page","link":"https:\/\/iptvnew.coworkcodesign.com\/iptvnordic\/servicevilkar\/","title":{"rendered":"Vilk\u00e5r for brug"},"content":{"rendered":"<div data-elementor-type=\"wp-page\" data-elementor-id=\"484\" class=\"elementor elementor-484\" data-elementor-post-type=\"page\">\n\t\t\t\t<div data-particle_enable=\"false\" data-particle-mobile-disabled=\"false\" class=\"elementor-element elementor-element-5b8b484b e-flex e-con-boxed e-con e-parent\" data-id=\"5b8b484b\" data-element_type=\"container\" data-settings=\"{&quot;background_background&quot;:&quot;classic&quot;}\" data-core-v316-plus=\"true\">\n\t\t\t\t\t<div class=\"e-con-inner\">\n\t\t\t\t<div class=\"elementor-element elementor-element-590ae31d elementor-widget elementor-widget-text-editor\" data-id=\"590ae31d\" data-element_type=\"widget\" data-widget_type=\"text-editor.default\">\n\t\t\t\t<div class=\"elementor-widget-container\">\n\t\t\t<style>\/*! elementor - v3.20.0 - 06-03-2024 *\/\n.elementor-widget-text-editor.elementor-drop-cap-view-stacked .elementor-drop-cap{background-color:#69727d;color:#fff}.elementor-widget-text-editor.elementor-drop-cap-view-framed .elementor-drop-cap{color:#69727d;border:3px solid;background-color:transparent}.elementor-widget-text-editor:not(.elementor-drop-cap-view-default) .elementor-drop-cap{margin-top:8px}.elementor-widget-text-editor:not(.elementor-drop-cap-view-default) .elementor-drop-cap-letter{width:1em;height:1em}.elementor-widget-text-editor .elementor-drop-cap{float:left;text-align:center;line-height:1;font-size:50px}.elementor-widget-text-editor .elementor-drop-cap-letter{display:inline-block}<\/style>\t\t\t\t<!-- wp:paragraph -->\n<p>Disse servicevilk\u00e5r (\"Vilk\u00e5r\") regulerer din brug af OneClickTV's hjemmeside (\"Hjemmeside\") og de tjenester, der tilbydes af OneClickTV (\"Tjenester\"). Ved at tilg\u00e5 eller bruge hjemmesiden eller tjenesterne accepterer du at v\u00e6re bundet af disse vilk\u00e5r og alle g\u00e6ldende love og regler. Hvis du er uenig i nogen del af disse vilk\u00e5r, bedes du undlade at bruge vores hjemmeside eller tjenester.<\/p>\n<!-- \/wp:paragraph -->\n\n<!-- wp:paragraph -->\n<p>**1.&nbsp;<strong>Beskrivelse af tjenesten<\/strong>: OneClickTV leverer en IPTV-tjeneste (Internet Protocol Television), der giver brugerne adgang til en r\u00e6kke kanaler, on-demand-indhold og relaterede funktioner via kompatible enheder.<\/p>\n<!-- \/wp:paragraph -->\n\n<!-- wp:paragraph -->\n<p>**2.&nbsp;<strong>Brugeradf\u00e6rd<\/strong>a. Du accepterer kun at bruge tjenesterne til lovlige form\u00e5l og p\u00e5 en m\u00e5de, der er i overensstemmelse med disse vilk\u00e5r og g\u00e6ldende love og regler. b. Du m\u00e5 ikke bruge tjenesterne til at kr\u00e6nke andres rettigheder, herunder, men ikke begr\u00e6nset til, kr\u00e6nkelse af ophavsret.<\/p>\n<!-- \/wp:paragraph -->\n\n<!-- wp:paragraph -->\n<p>**3.&nbsp;<strong>Abonnement og betalinger<\/strong>a. Ved at abonnere p\u00e5 OneClickTV accepterer du vilk\u00e5rene for den valgte abonnementsplan, herunder pris- og faktureringsvilk\u00e5r. b. Betalingsbehandling h\u00e5ndteres af tredjeparts betalingsbehandlere, og du accepterer deres vilk\u00e5r og betingelser. c. Abonnementsgebyrer kan ikke refunderes, undtagen som udtrykkeligt angivet i vores refusionspolitik.<\/p>\n<!-- \/wp:paragraph -->\n\n<!-- wp:paragraph -->\n<p>**4.&nbsp;<strong>Privatlivspolitik<\/strong>: Din brug af vores tjenester er ogs\u00e5 underlagt vores privatlivspolitik. L\u00e6s vores privatlivspolitik p\u00e5 [link til privatlivspolitik] for at forst\u00e5 vores praksis.<\/p>\n<!-- \/wp:paragraph -->\n\n<!-- wp:paragraph -->\n<p>**5.&nbsp;<strong>Intellektuelle ejendomsrettigheder<\/strong>a. Alt indhold og materiale, der er tilg\u00e6ngeligt p\u00e5 hjemmesiden og gennem tjenesterne, er beskyttet af g\u00e6ldende love om ophavsret, varem\u00e6rker og andre intellektuelle ejendomsrettigheder. b. Du m\u00e5 ikke reproducere, distribuere, \u00e6ndre eller skabe afledte v\u00e6rker af noget indhold uden udtrykkeligt skriftligt samtykke fra OneClickTV.<\/p>\n<!-- \/wp:paragraph -->\n\n<!-- wp:paragraph -->\n<p>**6.&nbsp;<strong>Begr\u00e6nsning af ansvar<\/strong>: OneClickTV er ikke ansvarlig for nogen indirekte, tilf\u00e6ldige, s\u00e6rlige, f\u00f8lgeskader eller strafskader eller noget tab af fortjeneste eller indt\u00e6gter, uanset om de er opst\u00e5et direkte eller indirekte.<\/p>\n<!-- \/wp:paragraph -->\n\n<!-- wp:paragraph -->\n<p>**7.&nbsp;<strong>G\u00e6ldende lov<\/strong>: Disse vilk\u00e5r er underlagt og fortolkes i overensstemmelse med lovgivningen i [dit land\/din stat] uden hensyntagen til lovkonfliktprincipper.<\/p>\n<!-- \/wp:paragraph -->\n\n<!-- wp:paragraph -->\n<p>**8.&nbsp;<strong>\u00c6ndringer af vilk\u00e5r<\/strong>: OneClickTV forbeholder sig retten til at \u00e6ndre eller erstatte disse vilk\u00e5r til enhver tid. Det er dit ansvar at gennemg\u00e5 disse vilk\u00e5r med j\u00e6vne mellemrum for \u00e6ndringer.<\/p>\n<!-- \/wp:paragraph -->\n\n<!-- wp:paragraph -->\n<p>Ved at bruge vores websted eller tjenester anerkender du, at du har l\u00e6st, forst\u00e5et og accepteret disse servicevilk\u00e5r. Hvis du har sp\u00f8rgsm\u00e5l eller bekymringer, bedes du kontakte os p\u00e5 support@oneclicktv.net.<\/p>\n<!-- \/wp:paragraph -->\t\t\t\t\t\t<\/div>\n\t\t\t\t<\/div>\n\t\t\t\t\t<\/div>\n\t\t\t\t<\/div>\n\t\t\t\t<\/div>","protected":false},"excerpt":{"rendered":"<p>Disse servicevilk\u00e5r (\"vilk\u00e5r\") regulerer din brug af OneClickTV's hjemmeside (\"hjemmeside\") og de tjenester, der tilbydes af OneClickTV (\"tjenester\"). Ved at g\u00e5 ind p\u00e5 eller bruge webstedet eller tjenesterne accepterer du at v\u00e6re bundet af disse vilk\u00e5r og alle g\u00e6ldende love og regler. Hvis du er uenig i nogen del af disse vilk\u00e5r, skal du ikke bruge [...].<\/p>","protected":false},"author":3,"featured_media":0,"parent":0,"menu_order":0,"comment_status":"closed","ping_status":"closed","template":"","meta":{"footnotes":""},"class_list":["post-484","page","type-page","status-publish","hentry"],"rttpg_featured_image_url":null,"rttpg_author":{"display_name":"oualidhamidi","author_link":"https:\/\/iptvnew.coworkcodesign.com\/iptvnordic\/author\/oualidhamidi\/"},"rttpg_comment":0,"rttpg_category":null,"rttpg_excerpt":"These Terms of Service (\u201cTerms\u201d) govern your use of the OneClickTV website (\u201cWebsite\u201d) and the services offered by OneClickTV (\u201cServices\u201d). By accessing or using the Website or Services, you agree to be bound by these Terms and all applicable laws and regulations. If you disagree with any part of these Terms, please do not use&hellip;","_links":{"self":[{"href":"https:\/\/iptvnew.coworkcodesign.com\/iptvnordic\/wp-json\/wp\/v2\/pages\/484","targetHints":{"allow":["GET"]}}],"collection":[{"href":"https:\/\/iptvnew.coworkcodesign.com\/iptvnordic\/wp-json\/wp\/v2\/pages"}],"about":[{"href":"https:\/\/iptvnew.coworkcodesign.com\/iptvnordic\/wp-json\/wp\/v2\/types\/page"}],"author":[{"embeddable":true,"href":"https:\/\/iptvnew.coworkcodesign.com\/iptvnordic\/wp-json\/wp\/v2\/users\/3"}],"replies":[{"embeddable":true,"href":"https:\/\/iptvnew.coworkcodesign.com\/iptvnordic\/wp-json\/wp\/v2\/comments?post=484"}],"version-history":[{"count":1,"href":"https:\/\/iptvnew.coworkcodesign.com\/iptvnordic\/wp-json\/wp\/v2\/pages\/484\/revisions"}],"predecessor-version":[{"id":4412,"href":"https:\/\/iptvnew.coworkcodesign.com\/iptvnordic\/wp-json\/wp\/v2\/pages\/484\/revisions\/4412"}],"wp:attachment":[{"href":"https:\/\/iptvnew.coworkcodesign.com\/iptvnordic\/wp-json\/wp\/v2\/media?parent=484"}],"curies":[{"name":"wp","href":"https:\/\/api.w.org\/{rel}","templated":true}]}}