{"id":32,"date":"2023-07-06T22:48:47","date_gmt":"2023-07-06T22:48:47","guid":{"rendered":"https:\/\/iptvnew.coworkcodesign.com\/?page_id=32"},"modified":"2025-11-03T14:26:55","modified_gmt":"2025-11-03T14:26:55","slug":"faq","status":"publish","type":"page","link":"https:\/\/iptvnew.coworkcodesign.com\/iptvanbieter\/faq\/","title":{"rendered":"H\u00e4ufig gestellte Fragen"},"content":{"rendered":"<div data-elementor-type=\"wp-page\" data-elementor-id=\"32\" class=\"elementor elementor-32\" data-elementor-post-type=\"page\">\n\t\t\t\t<div data-particle_enable=\"false\" data-particle-mobile-disabled=\"false\" class=\"elementor-element elementor-element-bb887f5 e-con-full e-flex e-con e-parent\" data-id=\"bb887f5\" data-element_type=\"container\" data-settings=\"{&quot;background_background&quot;:&quot;classic&quot;}\" data-core-v316-plus=\"true\">\n\t\t\t\t<div class=\"elementor-element elementor-element-747ad08 elementor-widget elementor-widget-heading\" data-id=\"747ad08\" data-element_type=\"widget\" data-widget_type=\"heading.default\">\n\t\t\t\t<div class=\"elementor-widget-container\">\n\t\t\t<style>\/*! elementor - v3.20.0 - 06-03-2024 *\/\n.elementor-heading-title{padding:0;margin:0;line-height:1}.elementor-widget-heading .elementor-heading-title[class*=elementor-size-]>a{color:inherit;font-size:inherit;line-height:inherit}.elementor-widget-heading .elementor-heading-title.elementor-size-small{font-size:15px}.elementor-widget-heading .elementor-heading-title.elementor-size-medium{font-size:19px}.elementor-widget-heading .elementor-heading-title.elementor-size-large{font-size:29px}.elementor-widget-heading .elementor-heading-title.elementor-size-xl{font-size:39px}.elementor-widget-heading .elementor-heading-title.elementor-size-xxl{font-size:59px}<\/style><h2 class=\"elementor-heading-title elementor-size-default\">H\u00e4ufig gestellte Fragen\n<\/h2>\t\t<\/div>\n\t\t\t\t<\/div>\n\t\t<div data-particle_enable=\"false\" data-particle-mobile-disabled=\"false\" class=\"elementor-element elementor-element-b1c664f e-con-full e-flex e-con e-child\" data-id=\"b1c664f\" data-element_type=\"container\">\n\t\t<div data-particle_enable=\"false\" data-particle-mobile-disabled=\"false\" class=\"elementor-element elementor-element-b3b1f08 e-con-full e-flex e-con e-child\" data-id=\"b3b1f08\" data-element_type=\"container\">\n\t\t\t\t<div class=\"elementor-element elementor-element-a6277d3 elementor-widget elementor-widget-eael-adv-accordion\" data-id=\"a6277d3\" data-element_type=\"widget\" data-widget_type=\"eael-adv-accordion.default\">\n\t\t\t\t<div class=\"elementor-widget-container\">\n\t\t\t        <div class=\"eael-adv-accordion\" id=\"eael-adv-accordion-a6277d3\" data-scroll-on-click=\"no\" data-scroll-speed=\"300\" data-accordion-id=\"a6277d3\" data-accordion-type=\"accordion\" data-toogle-speed=\"300\">\n    <div class=\"eael-accordion-list\">\n                <div id=\"what-is-1clicktv-iptv\" class=\"elementor-tab-title eael-accordion-header\" tabindex=\"0\" data-tab=\"1\" aria-controls=\"elementor-tab-content-1741\"><span class=\"eael-accordion-tab-title\">Was ist 1ClickTV IPTV?<\/span><svg aria-hidden=\"true\" class=\"fa-toggle e-font-icon-svg e-fas-angle-down\" viewbox=\"0 0 320 512\" xmlns=\"http:\/\/www.w3.org\/2000\/svg\"><path d=\"M143 352.3L7 216.3c-9.4-9.4-9.4-24.6 0-33.9l22.6-22.6c9.4-9.4 24.6-9.4 33.9 0l96.4 96.4 96.4-96.4c9.4-9.4 24.6-9.4 33.9 0l22.6 22.6c9.4 9.4 9.4 24.6 0 33.9l-136 136c-9.2 9.4-24.4 9.4-33.8 0z\"><\/path><\/svg><\/div><div id=\"elementor-tab-content-1741\" class=\"eael-accordion-content clearfix\" data-tab=\"1\" aria-labelledby=\"what-is-1clicktv-iptv\"><div class=\"elementskit-card active\"><div id=\"Collapse-a06c87a64a73c5d15ccc\" class=\"collapse show\" aria-labelledby=\"primaryHeading-0-36d7176\" data-parent=\"#accordion-64a73c5d15ccc\"><div class=\"elementskit-card-body ekit-accordion--content\"><p>1ClickTV ist ein IPTV-Dienst, der eine breite Palette von Inhalten bietet, darunter mehr als 25.000 Live-TV-Kan\u00e4le, mehr als 180.000 (VOD), Filme, Serien, Shows, internationale Kan\u00e4le und lokale Kan\u00e4le aus Gro\u00dfbritannien, den USA und Kanada. Er deckt verschiedene Genres ab, wie z. B. Sport, Nachrichten und NFL-Spiele, und ist so konzipiert, dass er ein nahtloses Streaming-Erlebnis ohne Pufferung oder Einfrieren bietet.<\/p><\/div><\/div><\/div><div class=\"elementskit-card\"><div id=\"primaryHeading-1-36d7176\" class=\"elementskit-card-header\">\u00a0<\/div><\/div><\/div>\n                <\/div><div class=\"eael-accordion-list\">\n                <div id=\"which-devices-can-i-use-iptv-on\" class=\"elementor-tab-title eael-accordion-header\" tabindex=\"0\" data-tab=\"2\" aria-controls=\"elementor-tab-content-1742\"><span class=\"eael-accordion-tab-title\">Auf welchen Ger\u00e4ten kann ich IPTV nutzen?<\/span><svg aria-hidden=\"true\" class=\"fa-toggle e-font-icon-svg e-fas-angle-down\" viewbox=\"0 0 320 512\" xmlns=\"http:\/\/www.w3.org\/2000\/svg\"><path d=\"M143 352.3L7 216.3c-9.4-9.4-9.4-24.6 0-33.9l22.6-22.6c9.4-9.4 24.6-9.4 33.9 0l96.4 96.4 96.4-96.4c9.4-9.4 24.6-9.4 33.9 0l22.6 22.6c9.4 9.4 9.4 24.6 0 33.9l-136 136c-9.2 9.4-24.4 9.4-33.8 0z\"><\/path><\/svg><\/div><div id=\"elementor-tab-content-1742\" class=\"eael-accordion-content clearfix\" data-tab=\"2\" aria-labelledby=\"which-devices-can-i-use-iptv-on\"><p><em>Sie k\u00f6nnen IPTV 1ClickTV auf den folgenden Ger\u00e4ten nutzen:<\/em><\/p><p>\u00a0<\/p><ul><li>Amazon Fire TVs &amp; Firesticks.<\/li><li>Magbox, Nvidia Shield, Google Chromecast.<\/li><li>Android-Fernseher, -Boxen, -Telefone und -Tablets.<\/li><li>iPhone, iPad, Macs und andere iOS-Ger\u00e4te.<\/li><li>Intelligente Fernsehger\u00e4te (LG, Samsung, Sony, usw.)<\/li><li>Android-Emulatoren f\u00fcr Macs und Windows.<\/li><\/ul><\/div>\n                <\/div><div class=\"eael-accordion-list\">\n                <div id=\"how-do-i-install-iptv-service-on-my-device\" class=\"elementor-tab-title eael-accordion-header\" tabindex=\"0\" data-tab=\"3\" aria-controls=\"elementor-tab-content-1743\"><span class=\"eael-accordion-tab-title\">Wie installiere ich den IPTV-Dienst auf meinem Ger\u00e4t?<\/span><svg aria-hidden=\"true\" class=\"fa-toggle e-font-icon-svg e-fas-angle-down\" viewbox=\"0 0 320 512\" xmlns=\"http:\/\/www.w3.org\/2000\/svg\"><path d=\"M143 352.3L7 216.3c-9.4-9.4-9.4-24.6 0-33.9l22.6-22.6c9.4-9.4 24.6-9.4 33.9 0l96.4 96.4 96.4-96.4c9.4-9.4 24.6-9.4 33.9 0l22.6 22.6c9.4 9.4 9.4 24.6 0 33.9l-136 136c-9.2 9.4-24.4 9.4-33.8 0z\"><\/path><\/svg><\/div><div id=\"elementor-tab-content-1743\" class=\"eael-accordion-content clearfix\" data-tab=\"3\" aria-labelledby=\"how-do-i-install-iptv-service-on-my-device\"><p>Die Installationsanweisungen k\u00f6nnen je nach dem von Ihnen verwendeten Ger\u00e4t variieren. Auf unserer Website finden Sie Schritt-f\u00fcr-Schritt-Anleitungen f\u00fcr die verschiedenen unterst\u00fctzten Ger\u00e4te. Bitte sehen Sie sich die entsprechende Anleitung f\u00fcr Ihr Ger\u00e4t in der <a href=\"https:\/\/iptvnew.coworkcodesign.com\/iptvanbieter\/iptv-anlagen\/\">Installation Seite<\/a> um loszulegen.\u00a0<\/p><\/div>\n                <\/div><div class=\"eael-accordion-list\">\n                <div id=\"how-do-i-renew-my-1clicktv-subscription\" class=\"elementor-tab-title eael-accordion-header\" tabindex=\"0\" data-tab=\"4\" aria-controls=\"elementor-tab-content-1744\"><span class=\"eael-accordion-tab-title\">Wie kann ich mein 1ClickTV-Abonnement verl\u00e4ngern?<\/span><svg aria-hidden=\"true\" class=\"fa-toggle e-font-icon-svg e-fas-angle-down\" viewbox=\"0 0 320 512\" xmlns=\"http:\/\/www.w3.org\/2000\/svg\"><path d=\"M143 352.3L7 216.3c-9.4-9.4-9.4-24.6 0-33.9l22.6-22.6c9.4-9.4 24.6-9.4 33.9 0l96.4 96.4 96.4-96.4c9.4-9.4 24.6-9.4 33.9 0l22.6 22.6c9.4 9.4 9.4 24.6 0 33.9l-136 136c-9.2 9.4-24.4 9.4-33.8 0z\"><\/path><\/svg><\/div><div id=\"elementor-tab-content-1744\" class=\"eael-accordion-content clearfix\" data-tab=\"4\" aria-labelledby=\"how-do-i-renew-my-1clicktv-subscription\"><p>Um Ihr Abonnement zu verl\u00e4ngern, gehen Sie einfach auf unsere Website und w\u00e4hlen Sie den neuen Plan, den Sie nutzen m\u00f6chten. Nachdem Sie bezahlt haben, aktivieren wir automatisch den neuen Plan mit den gleichen Zugangsdaten wie den alten Plan. Sie k\u00f6nnen die neuen Zugangsdaten erhalten, indem Sie uns kontaktieren.<\/p><\/div>\n                <\/div><div class=\"eael-accordion-list\">\n                <div id=\"can-i-use-1clicktv-iptv-when-i-travel-abroad\" class=\"elementor-tab-title eael-accordion-header\" tabindex=\"0\" data-tab=\"5\" aria-controls=\"elementor-tab-content-1745\"><span class=\"eael-accordion-tab-title\">Kann ich 1ClickTV IPTV nutzen, wenn ich ins Ausland reise?<\/span><svg aria-hidden=\"true\" class=\"fa-toggle e-font-icon-svg e-fas-angle-down\" viewbox=\"0 0 320 512\" xmlns=\"http:\/\/www.w3.org\/2000\/svg\"><path d=\"M143 352.3L7 216.3c-9.4-9.4-9.4-24.6 0-33.9l22.6-22.6c9.4-9.4 24.6-9.4 33.9 0l96.4 96.4 96.4-96.4c9.4-9.4 24.6-9.4 33.9 0l22.6 22.6c9.4 9.4 9.4 24.6 0 33.9l-136 136c-9.2 9.4-24.4 9.4-33.8 0z\"><\/path><\/svg><\/div><div id=\"elementor-tab-content-1745\" class=\"eael-accordion-content clearfix\" data-tab=\"5\" aria-labelledby=\"can-i-use-1clicktv-iptv-when-i-travel-abroad\"><p>Ja, 1ClickTV ist international zug\u00e4nglich. Sie k\u00f6nnen den Dienst auch auf Reisen im Ausland nutzen, solange Sie eine stabile Internetverbindung haben. So k\u00f6nnen Sie mit Ihren Lieblingsinhalten in Verbindung bleiben, egal wo Sie sind.<\/p><\/div>\n                <\/div><\/div>\t\t<\/div>\n\t\t\t\t<\/div>\n\t\t\t\t<\/div>\n\t\t<div data-particle_enable=\"false\" data-particle-mobile-disabled=\"false\" class=\"elementor-element elementor-element-738d676 e-con-full e-flex e-con e-child\" data-id=\"738d676\" data-element_type=\"container\">\n\t\t\t\t<div class=\"elementor-element elementor-element-1942111 elementor-widget elementor-widget-eael-adv-accordion\" data-id=\"1942111\" data-element_type=\"widget\" data-widget_type=\"eael-adv-accordion.default\">\n\t\t\t\t<div class=\"elementor-widget-container\">\n\t\t\t        <div class=\"eael-adv-accordion\" id=\"eael-adv-accordion-1942111\" data-scroll-on-click=\"no\" data-scroll-speed=\"300\" data-accordion-id=\"1942111\" data-accordion-type=\"accordion\" data-toogle-speed=\"300\">\n    <div class=\"eael-accordion-list\">\n                <div id=\"can-i-share-my-1clicktv-iptv-account-with-family-members-or-friends\" class=\"elementor-tab-title eael-accordion-header\" tabindex=\"0\" data-tab=\"1\" aria-controls=\"elementor-tab-content-2641\"><span class=\"eael-accordion-tab-title\">Kann ich mein 1ClickTV IPTV-Konto mit Familienmitgliedern oder Freunden teilen?<\/span><svg aria-hidden=\"true\" class=\"fa-toggle e-font-icon-svg e-fas-angle-down\" viewbox=\"0 0 320 512\" xmlns=\"http:\/\/www.w3.org\/2000\/svg\"><path d=\"M143 352.3L7 216.3c-9.4-9.4-9.4-24.6 0-33.9l22.6-22.6c9.4-9.4 24.6-9.4 33.9 0l96.4 96.4 96.4-96.4c9.4-9.4 24.6-9.4 33.9 0l22.6 22.6c9.4 9.4 9.4 24.6 0 33.9l-136 136c-9.2 9.4-24.4 9.4-33.8 0z\"><\/path><\/svg><\/div><div id=\"elementor-tab-content-2641\" class=\"eael-accordion-content clearfix\" data-tab=\"1\" aria-labelledby=\"can-i-share-my-1clicktv-iptv-account-with-family-members-or-friends\"><div class=\"elementskit-card active\"><div id=\"Collapse-a06c87a64a73c5d15ccc\" class=\"collapse show\" aria-labelledby=\"primaryHeading-0-36d7176\" data-parent=\"#accordion-64a73c5d15ccc\"><div class=\"elementskit-card-body ekit-accordion--content\"><p>1ClickTV IPTV-Konten sind f\u00fcr den pers\u00f6nlichen Gebrauch bestimmt, und die gemeinsame Nutzung von Konten mit anderen kann gegen unsere Nutzungsbedingungen versto\u00dfen. Wir bieten bei bestimmten Abonnements Unterst\u00fctzung f\u00fcr mehrere Ger\u00e4te an, um einzelnen Nutzern entgegenzukommen.<\/p><\/div><\/div><\/div><div class=\"elementskit-card\"><div id=\"primaryHeading-1-36d7176\" class=\"elementskit-card-header\">\u00a0<\/div><\/div><\/div>\n                <\/div><div class=\"eael-accordion-list\">\n                <div id=\"do-you-offer-refunds\" class=\"elementor-tab-title eael-accordion-header\" tabindex=\"0\" data-tab=\"2\" aria-controls=\"elementor-tab-content-2642\"><span class=\"eael-accordion-tab-title\">Bieten Sie R\u00fcckerstattungen an?<\/span><svg aria-hidden=\"true\" class=\"fa-toggle e-font-icon-svg e-fas-angle-down\" viewbox=\"0 0 320 512\" xmlns=\"http:\/\/www.w3.org\/2000\/svg\"><path d=\"M143 352.3L7 216.3c-9.4-9.4-9.4-24.6 0-33.9l22.6-22.6c9.4-9.4 24.6-9.4 33.9 0l96.4 96.4 96.4-96.4c9.4-9.4 24.6-9.4 33.9 0l22.6 22.6c9.4 9.4 9.4 24.6 0 33.9l-136 136c-9.2 9.4-24.4 9.4-33.8 0z\"><\/path><\/svg><\/div><div id=\"elementor-tab-content-2642\" class=\"eael-accordion-content clearfix\" data-tab=\"2\" aria-labelledby=\"do-you-offer-refunds\"><p>Wir bieten eine vollst\u00e4ndige Erstattungsgarantie f\u00fcr die ersten 7 Tage f\u00fcr alle unsere Pakete. Dar\u00fcber hinaus bieten wir eine R\u00fcckerstattung f\u00fcr 60% an, die sich nach der Dauer der Nutzung Ihres Dienstes richtet. Es ist jedoch wichtig zu erw\u00e4hnen, dass R\u00fcckerstattungen f\u00fcr Testzeitr\u00e4ume nicht m\u00f6glich sind.<\/p><\/div>\n                <\/div><div class=\"eael-accordion-list\">\n                <div id=\"1clicktv-smart-solution-for-buffering-issues\" class=\"elementor-tab-title eael-accordion-header\" tabindex=\"0\" data-tab=\"3\" aria-controls=\"elementor-tab-content-2643\"><span class=\"eael-accordion-tab-title\">1ClickTV Intelligente L\u00f6sung f\u00fcr Buffering-Probleme<\/span><svg aria-hidden=\"true\" class=\"fa-toggle e-font-icon-svg e-fas-angle-down\" viewbox=\"0 0 320 512\" xmlns=\"http:\/\/www.w3.org\/2000\/svg\"><path d=\"M143 352.3L7 216.3c-9.4-9.4-9.4-24.6 0-33.9l22.6-22.6c9.4-9.4 24.6-9.4 33.9 0l96.4 96.4 96.4-96.4c9.4-9.4 24.6-9.4 33.9 0l22.6 22.6c9.4 9.4 9.4 24.6 0 33.9l-136 136c-9.2 9.4-24.4 9.4-33.8 0z\"><\/path><\/svg><\/div><div id=\"elementor-tab-content-2643\" class=\"eael-accordion-content clearfix\" data-tab=\"3\" aria-labelledby=\"1clicktv-smart-solution-for-buffering-issues\"><p>Die meisten Pufferungsprobleme sind auf die Drosselung des Internetanbieters zur\u00fcckzuf\u00fchren, d. h., Ihr Internetanbieter bremst Sie entweder zu Spitzenzeiten oder wenn Sie viele Daten verbrauchen. Wenn Sie von einem Server streamen, den der Internetanbieter nicht kennt (Websites wie Twitch, YouTube und Netflix stehen auf einer Whitelist, sodass dies keine Auswirkungen hat), kann der Anbieter Ihren Dienst verlangsamen. Ein VPN wirkt dem entgegen, da es verbirgt, woher Ihre Daten kommen. (Das gibt Ihnen keine Anonymit\u00e4t, Ihr Dienstanbieter bzw. Ihre Beh\u00f6rden k\u00f6nnen immer noch sehen, was Sie tun, wenn sie es wollen.)\u00a0<\/p><p>Aber mit 1clicktv bieten wir Ihnen eine andere Url Host Called VPN Host URL diese eine verstecken Sie Ihre Identit\u00e4t und machen Sie Ihren Datenverbrauch, wie Sie sind gerade youtube Videos, so dass Sie Streaming-IPTV, wie Sie sind gerade TV \u00fcber Kabel-TV\u00a0<\/p><\/div>\n                <\/div><div class=\"eael-accordion-list\">\n                <div id=\"how-can-i-get-a-free-vpn-account\" class=\"elementor-tab-title eael-accordion-header\" tabindex=\"0\" data-tab=\"4\" aria-controls=\"elementor-tab-content-2644\"><span class=\"eael-accordion-tab-title\">Wie kann ich ein kostenloses VPN-Konto erhalten?<\/span><svg aria-hidden=\"true\" class=\"fa-toggle e-font-icon-svg e-fas-angle-down\" viewbox=\"0 0 320 512\" xmlns=\"http:\/\/www.w3.org\/2000\/svg\"><path d=\"M143 352.3L7 216.3c-9.4-9.4-9.4-24.6 0-33.9l22.6-22.6c9.4-9.4 24.6-9.4 33.9 0l96.4 96.4 96.4-96.4c9.4-9.4 24.6-9.4 33.9 0l22.6 22.6c9.4 9.4 9.4 24.6 0 33.9l-136 136c-9.2 9.4-24.4 9.4-33.8 0z\"><\/path><\/svg><\/div><div id=\"elementor-tab-content-2644\" class=\"eael-accordion-content clearfix\" data-tab=\"4\" aria-labelledby=\"how-can-i-get-a-free-vpn-account\"><p>Um ein kostenloses VPN-Konto zu erhalten, m\u00fcssen Sie ein 6- oder 12-monatiges Abonnement abschlie\u00dfen (oder bereits eines besitzen). Senden Sie uns dann Ihren IPTV-Kontonamen per E-Mail. Sobald wir Ihr Abonnement best\u00e4tigt haben, senden wir Ihnen Ihre VPN-Kontodaten per E-Mail.<\/p><\/div>\n                <\/div><\/div>\t\t<\/div>\n\t\t\t\t<\/div>\n\t\t\t\t<\/div>\n\t\t\t\t<\/div>\n\t\t\t\t<\/div>\n\t\t\t\t<\/div>","protected":false},"excerpt":{"rendered":"<p>H\u00e4ufig gestellte Fragen Was ist 1ClickTV IPTV? 1ClickTV ist ein IPTV-Dienst, der eine breite Palette von Inhalten bietet, darunter mehr als 25.000 Live-TV-Kan\u00e4le, mehr als 180.000 (VOD), Filme, Serien, Shows, internationale Kan\u00e4le und lokale Kan\u00e4le aus Gro\u00dfbritannien, den USA und Kanada. Er deckt verschiedene Genres ab, wie z. B. Sport, Nachrichten und NFL-Spiele, und ist so konzipiert, dass er [...]<\/p>","protected":false},"author":3,"featured_media":0,"parent":0,"menu_order":0,"comment_status":"closed","ping_status":"closed","template":"","meta":{"footnotes":""},"class_list":["post-32","page","type-page","status-publish","hentry"],"rttpg_featured_image_url":null,"rttpg_author":{"display_name":"oualidhamidi","author_link":"https:\/\/iptvnew.coworkcodesign.com\/iptvanbieter\/author\/oualidhamidi\/"},"rttpg_comment":0,"rttpg_category":null,"rttpg_excerpt":"Frequently Ask Questions What is 1ClickTV IPTV? 1ClickTV is a IPTV service that offers a wide range of content, including 25,000+ live TV channels, 180,000+ (VOD), movies, series, shows, international channels, and local UK, US and Canadian channels. It covers various genres, such as sports, news, and NFL Games, and is designed to provide a&hellip;","_links":{"self":[{"href":"https:\/\/iptvnew.coworkcodesign.com\/iptvanbieter\/wp-json\/wp\/v2\/pages\/32","targetHints":{"allow":["GET"]}}],"collection":[{"href":"https:\/\/iptvnew.coworkcodesign.com\/iptvanbieter\/wp-json\/wp\/v2\/pages"}],"about":[{"href":"https:\/\/iptvnew.coworkcodesign.com\/iptvanbieter\/wp-json\/wp\/v2\/types\/page"}],"author":[{"embeddable":true,"href":"https:\/\/iptvnew.coworkcodesign.com\/iptvanbieter\/wp-json\/wp\/v2\/users\/3"}],"replies":[{"embeddable":true,"href":"https:\/\/iptvnew.coworkcodesign.com\/iptvanbieter\/wp-json\/wp\/v2\/comments?post=32"}],"version-history":[{"count":17,"href":"https:\/\/iptvnew.coworkcodesign.com\/iptvanbieter\/wp-json\/wp\/v2\/pages\/32\/revisions"}],"predecessor-version":[{"id":5037,"href":"https:\/\/iptvnew.coworkcodesign.com\/iptvanbieter\/wp-json\/wp\/v2\/pages\/32\/revisions\/5037"}],"wp:attachment":[{"href":"https:\/\/iptvnew.coworkcodesign.com\/iptvanbieter\/wp-json\/wp\/v2\/media?parent=32"}],"curies":[{"name":"wp","href":"https:\/\/api.w.org\/{rel}","templated":true}]}}